{"id":984,"date":"2023-09-26T12:48:00","date_gmt":"2023-09-26T10:48:00","guid":{"rendered":"https:\/\/staging.vectracom.fr\/?page_id=984"},"modified":"2023-09-26T12:49:57","modified_gmt":"2023-09-26T10:49:57","slug":"accessibilite-et-adaptation","status":"publish","type":"page","link":"https:\/\/staging.vectracom.fr\/en\/accessibilite-et-adaptation\/","title":{"rendered":"Accessibilit\u00e9 et adaptation"},"content":{"rendered":"<p>[et_pb_section fb_built=&#8221;1&#8243; _builder_version=&#8221;4.22.1&#8243; _module_preset=&#8221;default&#8221; background_color=&#8221;rgba(6,40,73,0.75)&#8221; background_image=&#8221;https:\/\/staging.vectracom.fr\/wp-content\/uploads\/2023\/09\/techniques-num\u00e9risation-patrimoine-audiovisuel.jpg&#8221; background_blend=&#8221;overlay&#8221; min_height=&#8221;633px&#8221; custom_margin=&#8221;||52px|||&#8221; custom_padding=&#8221;155px||155px||true|false&#8221; locked=&#8221;off&#8221; global_colors_info=&#8221;{}&#8221;][et_pb_row _builder_version=&#8221;4.22.1&#8243; _module_preset=&#8221;default&#8221; width=&#8221;74%&#8221; global_colors_info=&#8221;{}&#8221;][et_pb_column type=&#8221;4_4&#8243; _builder_version=&#8221;4.22.1&#8243; _module_preset=&#8221;default&#8221; global_colors_info=&#8221;{}&#8221;][et_pb_text _builder_version=&#8221;4.22.1&#8243; _module_preset=&#8221;default&#8221; header_font=&#8221;Open Sans|600|||||||&#8221; header_text_color=&#8221;#E10808&#8243; header_line_height=&#8221;1.2em&#8221; header_2_font=&#8221;Open Sans|600|||||||&#8221; header_2_text_color=&#8221;#FFFFFF&#8221; header_2_font_size=&#8221;38px&#8221; header_2_line_height=&#8221;1.2em&#8221; header_3_font=&#8221;Open Sans|600|||||||&#8221; header_3_text_color=&#8221;#FFFFFF&#8221; header_3_font_size=&#8221;24px&#8221; header_3_line_height=&#8221;1.3em&#8221; header_4_font=&#8221;Open Sans|600|||||||&#8221; header_4_text_color=&#8221;#FFFFFF&#8221; header_4_font_size=&#8221;19px&#8221; header_4_line_height=&#8221;1.5em&#8221; header_5_font=&#8221;Open Sans||||||||&#8221; header_5_text_color=&#8221;#FFFFFF&#8221; header_5_font_size=&#8221;19px&#8221; header_5_line_height=&#8221;1.5em&#8221; header_6_line_height=&#8221;1.5em&#8221; background_enable_color=&#8221;off&#8221; width=&#8221;30%&#8221; animation_style=&#8221;fade&#8221; animation_starting_opacity=&#8221;5%&#8221; global_colors_info=&#8221;{}&#8221;]<\/p>\n<h1>Accessibilit\u00e9 <span style=\"color: #ffffff;\">et<\/span> <span style=\"color: #ffffff;\">adaptation<\/span><\/h1>\n<p>[\/et_pb_text][et_pb_text _builder_version=&#8221;4.22.1&#8243; _module_preset=&#8221;default&#8221; text_font=&#8221;||||||||&#8221; text_text_color=&#8221;#ffffff&#8221; text_font_size=&#8221;16px&#8221; width=&#8221;41%&#8221; animation_style=&#8221;fade&#8221; animation_duration=&#8221;1200ms&#8221; animation_delay=&#8221;200ms&#8221; global_colors_info=&#8221;{}&#8221;]Le but de ces techniques est d\u2019am\u00e9liorer l\u2019acc\u00e8s aux contenus pour les personnes ayant une langue natale diff\u00e9rente et pour celles ayant un handicap auditif ou visuel.[\/et_pb_text][\/et_pb_column][\/et_pb_row][\/et_pb_section][et_pb_section fb_built=&#8221;1&#8243; _builder_version=&#8221;4.22.1&#8243; _module_preset=&#8221;default&#8221; background_color=&#8221;#FFFFFF&#8221; background_enable_image=&#8221;off&#8221; background_blend=&#8221;overlay&#8221; top_divider_height=&#8221;164px&#8221; top_divider_flip=&#8221;horizontal&#8221; locked=&#8221;off&#8221; global_colors_info=&#8221;{}&#8221;][et_pb_row column_structure=&#8221;1_2,1_2&#8243; use_custom_gutter=&#8221;on&#8221; gutter_width=&#8221;2&#8243; _builder_version=&#8221;4.22.1&#8243; _module_preset=&#8221;default&#8221; vertical_offset=&#8221;0px&#8221; horizontal_offset=&#8221;-5px&#8221; width=&#8221;74%&#8221; max_width=&#8221;2560px&#8221; global_colors_info=&#8221;{}&#8221;][et_pb_column type=&#8221;1_2&#8243; _builder_version=&#8221;4.22.1&#8243; _module_preset=&#8221;default&#8221; global_colors_info=&#8221;{}&#8221;][et_pb_text _builder_version=&#8221;4.22.1&#8243; _module_preset=&#8221;default&#8221; header_font=&#8221;Open Sans|600|||||||&#8221; header_text_color=&#8221;#142C43&#8243; header_line_height=&#8221;1.2em&#8221; header_2_font=&#8221;Open Sans|600|||||||&#8221; header_2_text_color=&#8221;#062849&#8243; header_2_font_size=&#8221;38px&#8221; header_2_line_height=&#8221;1.2em&#8221; header_3_font=&#8221;Open Sans|600|||||||&#8221; header_3_text_color=&#8221;#142C43&#8243; header_3_font_size=&#8221;24px&#8221; header_3_line_height=&#8221;1.3em&#8221; header_4_font=&#8221;Open Sans|600|||||||&#8221; header_4_text_color=&#8221;#142C43&#8243; header_4_font_size=&#8221;19px&#8221; header_4_line_height=&#8221;1.5em&#8221; header_5_font=&#8221;Open Sans||||||||&#8221; header_5_text_color=&#8221;#142C43&#8243; header_5_font_size=&#8221;19px&#8221; header_5_line_height=&#8221;1.5em&#8221; header_6_line_height=&#8221;1.5em&#8221; animation_style=&#8221;fade&#8221; animation_direction=&#8221;right&#8221; animation_starting_opacity=&#8221;5%&#8221; global_colors_info=&#8221;{}&#8221;]<\/p>\n<h2>Favoriser l&#8217;acc\u00e8s aux contenus pour tous<\/h2>\n<p>[\/et_pb_text][\/et_pb_column][et_pb_column type=&#8221;1_2&#8243; _builder_version=&#8221;4.22.1&#8243; _module_preset=&#8221;default&#8221; global_colors_info=&#8221;{}&#8221;][\/et_pb_column][\/et_pb_row][et_pb_row _builder_version=&#8221;4.22.1&#8243; _module_preset=&#8221;default&#8221; width=&#8221;74%&#8221; max_width=&#8221;2560px&#8221; global_colors_info=&#8221;{}&#8221;][et_pb_column type=&#8221;4_4&#8243; _builder_version=&#8221;4.22.1&#8243; _module_preset=&#8221;default&#8221; global_colors_info=&#8221;{}&#8221;][et_pb_accordion open_toggle_text_color=&#8221;#062849&#8243; open_toggle_background_color=&#8221;RGBA(255,255,255,0)&#8221; closed_toggle_text_color=&#8221;#062849&#8243; closed_toggle_background_color=&#8221;RGBA(255,255,255,0)&#8221; toggle_icon=&#8221;&#x4c;||divi||400&#8243; icon_color=&#8221;#062849&#8243; use_icon_font_size=&#8221;on&#8221; icon_font_size=&#8221;30px&#8221; _builder_version=&#8221;4.22.1&#8243; _module_preset=&#8221;default&#8221; toggle_text_color=&#8221;#062849&#8243; body_text_color=&#8221;#062849&#8243; background_enable_color=&#8221;off&#8221; animation_style=&#8221;fade&#8221; animation_duration=&#8221;1200ms&#8221; animation_starting_opacity=&#8221;5%&#8221; custom_css_toggle_icon=&#8221;font-weight: 300 !important;&#8221; border_width_all=&#8221;0px&#8221; border_color_all=&#8221;#062849&#8243; border_width_bottom=&#8221;1px&#8221; global_colors_info=&#8221;{}&#8221;][et_pb_accordion_item title=&#8221;Sous-titrage&#8221; _builder_version=&#8221;4.22.1&#8243; _module_preset=&#8221;default&#8221; body_font_size=&#8221;16px&#8221; background_color=&#8221;RGBA(255,255,255,0)&#8221; background_enable_color=&#8221;on&#8221; border_width_top=&#8221;1px&#8221; global_colors_info=&#8221;{}&#8221; toggle_font=&#8221;|600|||||||&#8221; closed_toggle_font=&#8221;||||||||&#8221; open=&#8221;on&#8221;]Le sous-titrage est une technique essentielle pour rendre les contenus audiovisuels accessibles \u00e0 un public plus large. Il consiste \u00e0 afficher du texte au bas de l&#8217;image lors de la diffusion d&#8217;un programme, tels que les films, les s\u00e9ries t\u00e9l\u00e9vis\u00e9es, les documentaires, et les journaux t\u00e9l\u00e9vis\u00e9s. Initialement utilis\u00e9 au cin\u00e9ma, le sous-titrage s&#8217;est \u00e9tendu \u00e0 la t\u00e9l\u00e9vision et \u00e0 d&#8217;autres m\u00e9dias, y compris les DVD-Video et Internet. Il permet de transmettre le dialogue et les informations importantes aux spectateurs sourds ou malentendants, ainsi qu&#8217;aux personnes qui ne comprennent pas la langue parl\u00e9e. Le sous-titrage est une m\u00e9thode pr\u00e9cieuse pour garantir l&#8217;inclusion et l&#8217;acc\u00e8s \u00e0 l&#8217;information pour tous, en permettant aux individus d&#8217;appr\u00e9cier pleinement les contenus audiovisuels, quel que soit leur niveau de compr\u00e9hension auditive. Les sous-titrages sont \u00e9galement des m\u00e9tadonn\u00e9es qui participent \u00e0 la bonne indexation des contenus.[\/et_pb_accordion_item][et_pb_accordion_item title=&#8221;Voice-over et Voix off&#8221; _builder_version=&#8221;4.22.1&#8243; _module_preset=&#8221;default&#8221; body_text_color=&#8221;#062849&#8243; body_font_size=&#8221;16px&#8221; background_color=&#8221;RGBA(255,255,255,0)&#8221; background_enable_color=&#8221;on&#8221; global_colors_info=&#8221;{}&#8221; toggle_font=&#8221;|600|||||||&#8221; closed_toggle_font=&#8221;||||||||&#8221; open=&#8221;off&#8221;]Cette technique consiste \u00e0 superposer une ou des voix \u00e0 un programme. Ce proc\u00e9d\u00e9 est utilis\u00e9 pour rendre compr\u00e9hensible un programme dans une langue diff\u00e9rente de la langue originale du contenu. Il peut \u00eatre \u00e9galement utilis\u00e9 pour ajouter de l\u2019information dans la m\u00eame langue que le programme.<br \/>\nLa voix originale des intervenants est abaiss\u00e9e pour laisser place \u00e0 la traduction, interpr\u00e9t\u00e9e par des com\u00e9diens. Ce proc\u00e9d\u00e9 remplace le doublage synchrone qui est une action plus complexe et plus on\u00e9reuse. Dans la pratique, Vectracom rend les documentaires internationaux compr\u00e9hensibles dans toutes les langues[\/et_pb_accordion_item][et_pb_accordion_item title=&#8221;Audio description&#8221; _builder_version=&#8221;4.22.1&#8243; _module_preset=&#8221;default&#8221; body_font_size=&#8221;16px&#8221; background_color=&#8221;RGBA(255,255,255,0)&#8221; background_enable_color=&#8221;on&#8221; global_colors_info=&#8221;{}&#8221; toggle_font=&#8221;|600|||||||&#8221; closed_toggle_font=&#8221;||||||||&#8221; open=&#8221;off&#8221;]Cette technique rend les contenus vid\u00e9o accessibles aux aveugles et aux mal-voyants. Elle consiste \u00e0 d\u00e9crire les \u00e9l\u00e9ments visuels d&#8217;une \u0153uvre cin\u00e9matographique ou audiovisuelle au public non voyant ou malvoyant pour lui donner les \u00e9l\u00e9ments essentiels \u00e0 la compr\u00e9hension de l&#8217;\u0153uvre (d\u00e9cors, personnages, actions, gestuelle). Le texte enregistr\u00e9 est cal\u00e9 entre les dialogues et les bruitages et mix\u00e9 avec le son original. Elle n\u2019interf\u00e8re donc pas sur le contenu original. D\u2019ailleurs l\u2019audiodescription est diffus\u00e9e sur un canal sonore sp\u00e9cifique. Elle peut \u00eatre ajout\u00e9e sur les sorties haut-parleur des t\u00e9l\u00e9viseurs ou \u00e9cout\u00e9e sur des \u00e9couteurs s\u00e9par\u00e9s afin de ne pas g\u00eaner les spectateurs n\u2019en ayant pas besoin. Vectracom accompagne ses clients dans ces besoins sp\u00e9cifiques et est \u00e9quip\u00e9 de la technologie de pointe n\u00e9cessaire.[\/et_pb_accordion_item][et_pb_accordion_item title=&#8221;Langue des signes fran\u00e7aise &#8221; open=&#8221;off&#8221; _builder_version=&#8221;4.22.1&#8243; _module_preset=&#8221;default&#8221; body_font_size=&#8221;16px&#8221; background_color=&#8221;RGBA(255,255,255,0)&#8221; background_enable_color=&#8221;on&#8221; global_colors_info=&#8221;{}&#8221; toggle_font=&#8221;|600|||||||&#8221; closed_toggle_font=&#8221;||||||||&#8221;]La Langue des Signes Fran\u00e7aise (LSF) est un langage gestuel utilis\u00e9 par et pour les personnes sourdes et malentendantes. Depuis sa reconnaissance officielle en 2005, elle r\u00e9sonne comme un symbole de partage et d\u2019inclusion de la communaut\u00e9 sourde dans la soci\u00e9t\u00e9. Elle est utilis\u00e9e le plus souvent pour \u2018traduire\u2019 ce qu\u2019une personne dit et fait partie de la culture des sourds et des malentendants. Dans la pratique, le traducteur en langue des signes appara\u00eet dans une petite partie de l\u2019\u00e9cran. Cette technique est utilis\u00e9e le plus souvent dans des documentaires et aussi dans les situations de directs. Vectracom fournit ce service pour ses clients.[\/et_pb_accordion_item][\/et_pb_accordion][\/et_pb_column][\/et_pb_row][\/et_pb_section][et_pb_section fb_built=&#8221;1&#8243; prev_background_color=&#8221;#FFFFFF&#8221; _builder_version=&#8221;4.22.1&#8243; _module_preset=&#8221;default&#8221; background_color=&#8221;#E4E4E4&#8243; custom_margin=&#8221;-70px||0px||false|false&#8221; custom_padding=&#8221;250px||||false|false&#8221; top_divider_style=&#8221;ramp2&#8243; top_divider_height=&#8221;191px&#8221; top_divider_flip=&#8221;horizontal&#8221; global_colors_info=&#8221;{}&#8221;][et_pb_row _builder_version=&#8221;4.22.1&#8243; _module_preset=&#8221;default&#8221; max_width=&#8221;2560px&#8221; custom_margin=&#8221;0px||||false|false&#8221; custom_padding=&#8221;20px||||false|false&#8221; global_colors_info=&#8221;{}&#8221;][et_pb_column type=&#8221;4_4&#8243; _builder_version=&#8221;4.22.1&#8243; _module_preset=&#8221;default&#8221; global_colors_info=&#8221;{}&#8221;][et_pb_video src=&#8221;https:\/\/www.youtube.com\/watch?v=FkQuawiGWUw&#8221; _builder_version=&#8221;4.22.1&#8243; _module_preset=&#8221;default&#8221; width=&#8221;100%&#8221; global_colors_info=&#8221;{}&#8221;][\/et_pb_video][\/et_pb_column][\/et_pb_row][\/et_pb_section][et_pb_section fb_built=&#8221;1&#8243; fullwidth=&#8221;on&#8221; _builder_version=&#8221;4.22.1&#8243; _module_preset=&#8221;default&#8221; global_colors_info=&#8221;{}&#8221; locked=&#8221;off&#8221;][et_pb_fullwidth_slider use_bg_overlay=&#8221;on&#8221; bg_overlay_color=&#8221;rgba(6,40,73,0.76)&#8221; _builder_version=&#8221;4.22.1&#8243; _module_preset=&#8221;default&#8221; body_line_height=&#8221;3em&#8221; background_image=&#8221;https:\/\/staging.vectracom.fr\/wp-content\/uploads\/2023\/09\/business-coach-017.jpg&#8221; button_text_size=&#8221;16px&#8221; button_text_color=&#8221;#FFFFFF&#8221; button_bg_color=&#8221;#E10808&#8243; button_border_width=&#8221;1px&#8221; button_border_color=&#8221;#E10808&#8243; button_border_radius=&#8221;0px&#8221; button_icon=&#8221;&#x24;||divi||400&#8243; button_icon_placement=&#8221;left&#8221; button_custom_margin=&#8221;20px||||false|false&#8221; button_custom_padding=&#8221;15px|57px|15px|57px|true|true&#8221; content_max_width=&#8221;2560px&#8221; animation_style=&#8221;fade&#8221; animation_starting_opacity=&#8221;5%&#8221; auto=&#8221;on&#8221; auto_speed=&#8221;8000&#8243; hover_enabled=&#8221;0&#8243; global_colors_info=&#8221;{}&#8221; button_custom_padding__hover_enabled=&#8221;on|hover&#8221; button_custom_padding__hover=&#8221;|57px||67px|true|false&#8221; parallax=&#8221;on&#8221; sticky_enabled=&#8221;0&#8243;][et_pb_slide heading=&#8221; Il y a deux choses dont l\u2019absence \u2028m\u2019interdirait de vivre : le cin\u00e9ma et la gr\u00e2ce &#8221; button_text=&#8221;Contactez-nous&#8221; use_bg_overlay=&#8221;on&#8221; bg_overlay_color=&#8221;rgba(6,40,73,0.6)&#8221; _builder_version=&#8221;4.22.1&#8243; _module_preset=&#8221;default&#8221; header_font=&#8221;|600|||||||&#8221; header_font_size=&#8221;38px&#8221; header_line_height=&#8221;1.2em&#8221; custom_button=&#8221;on&#8221; button_text_size=&#8221;16px&#8221; button_bg_color=&#8221;#E10808&#8243; button_border_width=&#8221;1px&#8221; button_border_color=&#8221;#E10808&#8243; button_border_radius=&#8221;0px&#8221; button_use_icon=&#8221;on&#8221; button_icon=&#8221;&#x24;||divi||400&#8243; button_icon_placement=&#8221;left&#8221; button_on_hover=&#8221;on&#8221; button_custom_padding=&#8221;15px|57px|15px|57px|true|true&#8221; width=&#8221;66%&#8221; global_colors_info=&#8221;{}&#8221; button_custom_margin__hover_enabled=&#8221;on|hover&#8221; button_custom_padding__hover_enabled=&#8221;on|hover&#8221; button_custom_padding__hover=&#8221;|||67px|true|false&#8221; sticky_transition=&#8221;on&#8221;]<\/p>\n<p>Martin SCORSESE<\/p>\n<p>[\/et_pb_slide][\/et_pb_fullwidth_slider][\/et_pb_section]<\/p>\n","protected":false},"excerpt":{"rendered":"<p>Accessibilit\u00e9 et adaptationLe but de ces techniques est d\u2019am\u00e9liorer l\u2019acc\u00e8s aux contenus pour les personnes ayant une langue natale diff\u00e9rente et pour celles ayant un handicap auditif ou visuel.Favoriser l&#8217;acc\u00e8s aux contenus pour tousLe sous-titrage est une technique essentielle pour rendre les contenus audiovisuels accessibles \u00e0 un public plus large. Il consiste \u00e0 afficher du [&hellip;]<\/p>\n","protected":false},"author":4,"featured_media":0,"parent":0,"menu_order":0,"comment_status":"closed","ping_status":"closed","template":"","meta":{"_et_pb_use_builder":"on","_et_pb_old_content":"","_et_gb_content_width":"","inline_featured_image":false,"footnotes":""},"class_list":["post-984","page","type-page","status-publish","hentry"],"acf":[],"_links":{"self":[{"href":"https:\/\/staging.vectracom.fr\/en\/wp-json\/wp\/v2\/pages\/984","targetHints":{"allow":["GET"]}}],"collection":[{"href":"https:\/\/staging.vectracom.fr\/en\/wp-json\/wp\/v2\/pages"}],"about":[{"href":"https:\/\/staging.vectracom.fr\/en\/wp-json\/wp\/v2\/types\/page"}],"author":[{"embeddable":true,"href":"https:\/\/staging.vectracom.fr\/en\/wp-json\/wp\/v2\/users\/4"}],"replies":[{"embeddable":true,"href":"https:\/\/staging.vectracom.fr\/en\/wp-json\/wp\/v2\/comments?post=984"}],"version-history":[{"count":1,"href":"https:\/\/staging.vectracom.fr\/en\/wp-json\/wp\/v2\/pages\/984\/revisions"}],"predecessor-version":[{"id":985,"href":"https:\/\/staging.vectracom.fr\/en\/wp-json\/wp\/v2\/pages\/984\/revisions\/985"}],"wp:attachment":[{"href":"https:\/\/staging.vectracom.fr\/en\/wp-json\/wp\/v2\/media?parent=984"}],"curies":[{"name":"wp","href":"https:\/\/api.w.org\/{rel}","templated":true}]}}